{"id":23417,"date":"2026-01-22T06:58:47","date_gmt":"2026-01-22T06:58:47","guid":{"rendered":"https:\/\/www.sonmezrealestate.com\/tamamlanan-projeler\/"},"modified":"2026-03-25T23:19:45","modified_gmt":"2026-03-25T23:19:45","slug":"tamamlanan-projeler","status":"publish","type":"page","link":"https:\/\/www.sonmezrealestate.com\/tr\/tamamlanan-projeler\/","title":{"rendered":"Tamamlanan Projeler"},"content":{"rendered":"\t\t<div data-elementor-type=\"wp-page\" data-elementor-id=\"23417\" class=\"elementor elementor-23417 elementor-22011\">\n\t\t\t\t<div class=\"elementor-element elementor-element-bc7c687 e-flex e-con-boxed e-con e-parent\" data-id=\"bc7c687\" data-element_type=\"container\" data-e-type=\"container\">\n\t\t\t\t\t<div class=\"e-con-inner\">\n\t\t<div class=\"elementor-element elementor-element-dab8db3 e-con-full e-grid e-con e-child\" data-id=\"dab8db3\" data-element_type=\"container\" data-e-type=\"container\">\n\t\t\t\t<div class=\"elementor-element elementor-element-8633578 elementor-position-top elementor-widget elementor-widget-image-box\" data-id=\"8633578\" data-element_type=\"widget\" data-e-type=\"widget\" data-widget_type=\"image-box.default\">\n\t\t\t\t<div class=\"elementor-widget-container\">\n\t\t\t\t\t<div class=\"elementor-image-box-wrapper\"><figure class=\"elementor-image-box-img\"><a href=\"https:\/\/virtual.sonmezrealestate.com\/richmond-residence\/\" tabindex=\"-1\"><img fetchpriority=\"high\" decoding=\"async\" width=\"450\" height=\"300\" src=\"https:\/\/i0.wp.com\/www.sonmezrealestate.com\/wp-content\/uploads\/2026\/01\/richmond-residence.jpg?fit=450%2C300&amp;ssl=1\" class=\"attachment-full size-full wp-image-23437\" alt=\"\" \/><\/a><\/figure><div class=\"elementor-image-box-content\"><h3 class=\"elementor-image-box-title\"><a href=\"https:\/\/virtual.sonmezrealestate.com\/richmond-residence\/\">Richmond Residence<\/a><\/h3><\/div><\/div>\t\t\t\t<\/div>\n\t\t\t\t<\/div>\n\t\t\t\t<div class=\"elementor-element elementor-element-a2f1479 elementor-position-top elementor-widget elementor-widget-image-box\" data-id=\"a2f1479\" data-element_type=\"widget\" data-e-type=\"widget\" data-widget_type=\"image-box.default\">\n\t\t\t\t<div class=\"elementor-widget-container\">\n\t\t\t\t\t<div class=\"elementor-image-box-wrapper\"><figure class=\"elementor-image-box-img\"><a href=\"https:\/\/virtual.sonmezrealestate.com\/novita12\/\" tabindex=\"-1\"><img decoding=\"async\" width=\"450\" height=\"300\" src=\"https:\/\/i0.wp.com\/www.sonmezrealestate.com\/wp-content\/uploads\/2026\/01\/novita-12-residence.jpg?fit=450%2C300&amp;ssl=1\" class=\"attachment-full size-full wp-image-23436\" alt=\"\" \/><\/a><\/figure><div class=\"elementor-image-box-content\"><h3 class=\"elementor-image-box-title\"><a href=\"https:\/\/virtual.sonmezrealestate.com\/novita12\/\">NOVITA 12 Residence<\/a><\/h3><\/div><\/div>\t\t\t\t<\/div>\n\t\t\t\t<\/div>\n\t\t\t\t<div class=\"elementor-element elementor-element-cede768 elementor-position-top elementor-widget elementor-widget-image-box\" data-id=\"cede768\" data-element_type=\"widget\" data-e-type=\"widget\" data-widget_type=\"image-box.default\">\n\t\t\t\t<div class=\"elementor-widget-container\">\n\t\t\t\t\t<div class=\"elementor-image-box-wrapper\"><figure class=\"elementor-image-box-img\"><a href=\"https:\/\/virtual.sonmezrealestate.com\/novita11\/\" tabindex=\"-1\"><img decoding=\"async\" width=\"450\" height=\"300\" src=\"https:\/\/i0.wp.com\/www.sonmezrealestate.com\/wp-content\/uploads\/2026\/01\/novita-11-residence.jpg?fit=450%2C300&amp;ssl=1\" class=\"attachment-full size-full wp-image-23435\" alt=\"\" \/><\/a><\/figure><div class=\"elementor-image-box-content\"><h3 class=\"elementor-image-box-title\"><a href=\"https:\/\/virtual.sonmezrealestate.com\/novita11\/\">NOVITA 11 Residence<\/a><\/h3><\/div><\/div>\t\t\t\t<\/div>\n\t\t\t\t<\/div>\n\t\t\t\t<div class=\"elementor-element elementor-element-fc3c221 elementor-position-top elementor-widget elementor-widget-image-box\" data-id=\"fc3c221\" data-element_type=\"widget\" data-e-type=\"widget\" data-widget_type=\"image-box.default\">\n\t\t\t\t<div class=\"elementor-widget-container\">\n\t\t\t\t\t<div class=\"elementor-image-box-wrapper\"><figure class=\"elementor-image-box-img\"><a href=\"https:\/\/virtual.sonmezrealestate.com\/novita-deluxe\/\" tabindex=\"-1\"><img loading=\"lazy\" decoding=\"async\" width=\"450\" height=\"300\" src=\"https:\/\/i0.wp.com\/www.sonmezrealestate.com\/wp-content\/uploads\/2026\/01\/novita-deluxe-residence.jpg?fit=450%2C300&amp;ssl=1\" class=\"attachment-full size-full wp-image-23434\" alt=\"\" \/><\/a><\/figure><div class=\"elementor-image-box-content\"><h3 class=\"elementor-image-box-title\"><a href=\"https:\/\/virtual.sonmezrealestate.com\/novita-deluxe\/\">NOVITA Deluxe Residence<\/a><\/h3><\/div><\/div>\t\t\t\t<\/div>\n\t\t\t\t<\/div>\n\t\t\t\t<div class=\"elementor-element elementor-element-f6fc32c elementor-position-top elementor-widget elementor-widget-image-box\" data-id=\"f6fc32c\" data-element_type=\"widget\" data-e-type=\"widget\" data-widget_type=\"image-box.default\">\n\t\t\t\t<div class=\"elementor-widget-container\">\n\t\t\t\t\t<div class=\"elementor-image-box-wrapper\"><figure class=\"elementor-image-box-img\"><a href=\"https:\/\/virtual.sonmezrealestate.com\/novita10\/\" tabindex=\"-1\"><img loading=\"lazy\" decoding=\"async\" width=\"450\" height=\"300\" src=\"https:\/\/i0.wp.com\/www.sonmezrealestate.com\/wp-content\/uploads\/2026\/01\/novita-10-residence.jpg?fit=450%2C300&amp;ssl=1\" class=\"attachment-full size-full wp-image-23433\" alt=\"\" \/><\/a><\/figure><div class=\"elementor-image-box-content\"><h3 class=\"elementor-image-box-title\"><a href=\"https:\/\/virtual.sonmezrealestate.com\/novita10\/\">NOVITA 10 Residence<\/a><\/h3><\/div><\/div>\t\t\t\t<\/div>\n\t\t\t\t<\/div>\n\t\t\t\t<div class=\"elementor-element elementor-element-c2aab24 elementor-position-top elementor-widget elementor-widget-image-box\" data-id=\"c2aab24\" data-element_type=\"widget\" data-e-type=\"widget\" data-widget_type=\"image-box.default\">\n\t\t\t\t<div class=\"elementor-widget-container\">\n\t\t\t\t\t<div class=\"elementor-image-box-wrapper\"><figure class=\"elementor-image-box-img\"><a href=\"https:\/\/virtual.sonmezrealestate.com\/novita7\/\" tabindex=\"-1\"><img loading=\"lazy\" decoding=\"async\" width=\"450\" height=\"300\" src=\"https:\/\/i0.wp.com\/www.sonmezrealestate.com\/wp-content\/uploads\/2026\/01\/novita-7-residence.jpg?fit=450%2C300&amp;ssl=1\" class=\"attachment-full size-full wp-image-23432\" alt=\"\" \/><\/a><\/figure><div class=\"elementor-image-box-content\"><h3 class=\"elementor-image-box-title\"><a href=\"https:\/\/virtual.sonmezrealestate.com\/novita7\/\">NOVITA 7 Residence<\/a><\/h3><\/div><\/div>\t\t\t\t<\/div>\n\t\t\t\t<\/div>\n\t\t\t\t<div class=\"elementor-element elementor-element-a474762 elementor-position-top elementor-widget elementor-widget-image-box\" data-id=\"a474762\" data-element_type=\"widget\" data-e-type=\"widget\" data-widget_type=\"image-box.default\">\n\t\t\t\t<div class=\"elementor-widget-container\">\n\t\t\t\t\t<div class=\"elementor-image-box-wrapper\"><figure class=\"elementor-image-box-img\"><a href=\"https:\/\/virtual.sonmezrealestate.com\/novita6\/\" tabindex=\"-1\"><img loading=\"lazy\" decoding=\"async\" width=\"450\" height=\"300\" src=\"https:\/\/i0.wp.com\/www.sonmezrealestate.com\/wp-content\/uploads\/2026\/01\/novita-6-residence.jpg?fit=450%2C300&amp;ssl=1\" class=\"attachment-full size-full wp-image-23431\" alt=\"\" \/><\/a><\/figure><div class=\"elementor-image-box-content\"><h3 class=\"elementor-image-box-title\"><a href=\"https:\/\/virtual.sonmezrealestate.com\/novita6\/\">NOVITA 6 Residence<\/a><\/h3><\/div><\/div>\t\t\t\t<\/div>\n\t\t\t\t<\/div>\n\t\t\t\t<div class=\"elementor-element elementor-element-ed9ac0f elementor-position-top elementor-widget elementor-widget-image-box\" data-id=\"ed9ac0f\" data-element_type=\"widget\" data-e-type=\"widget\" data-widget_type=\"image-box.default\">\n\t\t\t\t<div class=\"elementor-widget-container\">\n\t\t\t\t\t<div class=\"elementor-image-box-wrapper\"><figure class=\"elementor-image-box-img\"><a href=\"https:\/\/virtual.sonmezrealestate.com\/novita-konaklari\/\" tabindex=\"-1\"><img loading=\"lazy\" decoding=\"async\" width=\"450\" height=\"300\" src=\"https:\/\/i0.wp.com\/www.sonmezrealestate.com\/wp-content\/uploads\/2026\/01\/novita-konaklari.jpg?fit=450%2C300&amp;ssl=1\" class=\"attachment-full size-full wp-image-23430\" alt=\"\" \/><\/a><\/figure><div class=\"elementor-image-box-content\"><h3 class=\"elementor-image-box-title\"><a href=\"https:\/\/virtual.sonmezrealestate.com\/novita-konaklari\/\">NOVITA Konaklar\u0131<\/a><\/h3><\/div><\/div>\t\t\t\t<\/div>\n\t\t\t\t<\/div>\n\t\t\t\t<div class=\"elementor-element elementor-element-2a7d442 elementor-position-top elementor-widget elementor-widget-image-box\" data-id=\"2a7d442\" data-element_type=\"widget\" data-e-type=\"widget\" data-widget_type=\"image-box.default\">\n\t\t\t\t<div class=\"elementor-widget-container\">\n\t\t\t\t\t<div class=\"elementor-image-box-wrapper\"><figure class=\"elementor-image-box-img\"><a href=\"https:\/\/virtual.sonmezrealestate.com\/novita-city1\/\" tabindex=\"-1\"><img loading=\"lazy\" decoding=\"async\" width=\"450\" height=\"300\" src=\"https:\/\/i0.wp.com\/www.sonmezrealestate.com\/wp-content\/uploads\/2026\/01\/novita-city-residence.jpg?fit=450%2C300&amp;ssl=1\" class=\"attachment-full size-full wp-image-23429\" alt=\"\" \/><\/a><\/figure><div class=\"elementor-image-box-content\"><h3 class=\"elementor-image-box-title\"><a href=\"https:\/\/virtual.sonmezrealestate.com\/novita-city1\/\">NOVITA City Residence<\/a><\/h3><\/div><\/div>\t\t\t\t<\/div>\n\t\t\t\t<\/div>\n\t\t\t\t<div class=\"elementor-element elementor-element-50da5a3 elementor-position-top elementor-widget elementor-widget-image-box\" data-id=\"50da5a3\" data-element_type=\"widget\" data-e-type=\"widget\" data-widget_type=\"image-box.default\">\n\t\t\t\t<div class=\"elementor-widget-container\">\n\t\t\t\t\t<div class=\"elementor-image-box-wrapper\"><figure class=\"elementor-image-box-img\"><a href=\"https:\/\/virtual.sonmezrealestate.com\/novita3\/\" tabindex=\"-1\"><img loading=\"lazy\" decoding=\"async\" width=\"450\" height=\"300\" src=\"https:\/\/i0.wp.com\/www.sonmezrealestate.com\/wp-content\/uploads\/2026\/01\/novita-3-residence.jpg?fit=450%2C300&amp;ssl=1\" class=\"attachment-full size-full wp-image-23428\" alt=\"\" \/><\/a><\/figure><div class=\"elementor-image-box-content\"><h3 class=\"elementor-image-box-title\"><a href=\"https:\/\/virtual.sonmezrealestate.com\/novita3\/\">NOVITA 3 Residence<\/a><\/h3><\/div><\/div>\t\t\t\t<\/div>\n\t\t\t\t<\/div>\n\t\t\t\t<div class=\"elementor-element elementor-element-2600b39 elementor-position-top elementor-widget elementor-widget-image-box\" data-id=\"2600b39\" data-element_type=\"widget\" data-e-type=\"widget\" data-widget_type=\"image-box.default\">\n\t\t\t\t<div class=\"elementor-widget-container\">\n\t\t\t\t\t<div class=\"elementor-image-box-wrapper\"><figure class=\"elementor-image-box-img\"><a href=\"https:\/\/virtual.sonmezrealestate.com\/novita2\/\" tabindex=\"-1\"><img loading=\"lazy\" decoding=\"async\" width=\"450\" height=\"300\" src=\"https:\/\/i0.wp.com\/www.sonmezrealestate.com\/wp-content\/uploads\/2026\/01\/novita-2-residence.jpg?fit=450%2C300&amp;ssl=1\" class=\"attachment-full size-full wp-image-23427\" alt=\"\" \/><\/a><\/figure><div class=\"elementor-image-box-content\"><h3 class=\"elementor-image-box-title\"><a href=\"https:\/\/virtual.sonmezrealestate.com\/novita2\/\">NOVITA 2 Residence<\/a><\/h3><\/div><\/div>\t\t\t\t<\/div>\n\t\t\t\t<\/div>\n\t\t\t\t<div class=\"elementor-element elementor-element-9576967 elementor-position-top elementor-widget elementor-widget-image-box\" data-id=\"9576967\" data-element_type=\"widget\" data-e-type=\"widget\" data-widget_type=\"image-box.default\">\n\t\t\t\t<div class=\"elementor-widget-container\">\n\t\t\t\t\t<div class=\"elementor-image-box-wrapper\"><figure class=\"elementor-image-box-img\"><a href=\"https:\/\/virtual.sonmezrealestate.com\/novita1\/\" tabindex=\"-1\"><img loading=\"lazy\" decoding=\"async\" width=\"450\" height=\"300\" src=\"https:\/\/i0.wp.com\/www.sonmezrealestate.com\/wp-content\/uploads\/2026\/01\/novita-1-residence.jpg?fit=450%2C300&amp;ssl=1\" class=\"attachment-full size-full wp-image-23426\" alt=\"\" \/><\/a><\/figure><div class=\"elementor-image-box-content\"><h3 class=\"elementor-image-box-title\"><a href=\"https:\/\/virtual.sonmezrealestate.com\/novita1\/\">NOVITA 1 Residence <\/a><\/h3><\/div><\/div>\t\t\t\t<\/div>\n\t\t\t\t<\/div>\n\t\t\t\t<div class=\"elementor-element elementor-element-d5d6c80 elementor-position-top elementor-widget elementor-widget-image-box\" data-id=\"d5d6c80\" data-element_type=\"widget\" data-e-type=\"widget\" data-widget_type=\"image-box.default\">\n\t\t\t\t<div class=\"elementor-widget-container\">\n\t\t\t\t\t<div class=\"elementor-image-box-wrapper\"><figure class=\"elementor-image-box-img\"><a href=\"https:\/\/virtual.sonmezrealestate.com\/sahin2\/\" tabindex=\"-1\"><img loading=\"lazy\" decoding=\"async\" width=\"450\" height=\"300\" src=\"https:\/\/i0.wp.com\/www.sonmezrealestate.com\/wp-content\/uploads\/2026\/01\/alanya-real-estate-sahin-2-aprt.jpg?fit=450%2C300&amp;ssl=1\" class=\"attachment-full size-full wp-image-23425\" alt=\"\" \/><\/a><\/figure><div class=\"elementor-image-box-content\"><h3 class=\"elementor-image-box-title\"><a href=\"https:\/\/virtual.sonmezrealestate.com\/sahin2\/\">\u015eahin - 2 Aprt.<\/a><\/h3><\/div><\/div>\t\t\t\t<\/div>\n\t\t\t\t<\/div>\n\t\t\t\t<div class=\"elementor-element elementor-element-0a5d971 elementor-position-top elementor-widget elementor-widget-image-box\" data-id=\"0a5d971\" data-element_type=\"widget\" data-e-type=\"widget\" data-widget_type=\"image-box.default\">\n\t\t\t\t<div class=\"elementor-widget-container\">\n\t\t\t\t\t<div class=\"elementor-image-box-wrapper\"><figure class=\"elementor-image-box-img\"><a href=\"https:\/\/virtual.sonmezrealestate.com\/sahin1\/\" tabindex=\"-1\"><img loading=\"lazy\" decoding=\"async\" width=\"450\" height=\"300\" src=\"https:\/\/i0.wp.com\/www.sonmezrealestate.com\/wp-content\/uploads\/2026\/01\/alanya-real-estate-sahin-1-aprt.jpg?fit=450%2C300&amp;ssl=1\" class=\"attachment-full size-full wp-image-23424\" alt=\"\" \/><\/a><\/figure><div class=\"elementor-image-box-content\"><h3 class=\"elementor-image-box-title\"><a href=\"https:\/\/virtual.sonmezrealestate.com\/sahin1\/\">\u015eahin - 1 Aprt.<\/a><\/h3><\/div><\/div>\t\t\t\t<\/div>\n\t\t\t\t<\/div>\n\t\t\t\t<div class=\"elementor-element elementor-element-f83f781 elementor-position-top elementor-widget elementor-widget-image-box\" data-id=\"f83f781\" data-element_type=\"widget\" data-e-type=\"widget\" data-widget_type=\"image-box.default\">\n\t\t\t\t<div class=\"elementor-widget-container\">\n\t\t\t\t\t<div class=\"elementor-image-box-wrapper\"><figure class=\"elementor-image-box-img\"><a href=\"https:\/\/virtual.sonmezrealestate.com\/sahin3\/\" tabindex=\"-1\"><img loading=\"lazy\" decoding=\"async\" width=\"450\" height=\"300\" src=\"https:\/\/i0.wp.com\/www.sonmezrealestate.com\/wp-content\/uploads\/2026\/01\/alanya-real-estate-mustafa-sahin-aprt.jpg?fit=450%2C300&amp;ssl=1\" class=\"attachment-full size-full wp-image-23423\" alt=\"\" \/><\/a><\/figure><div class=\"elementor-image-box-content\"><h3 class=\"elementor-image-box-title\"><a href=\"https:\/\/virtual.sonmezrealestate.com\/sahin3\/\">Mustafa \u015eahin Aprt.<\/a><\/h3><\/div><\/div>\t\t\t\t<\/div>\n\t\t\t\t<\/div>\n\t\t\t\t<div class=\"elementor-element elementor-element-c560209 elementor-position-top elementor-widget elementor-widget-image-box\" data-id=\"c560209\" data-element_type=\"widget\" data-e-type=\"widget\" data-widget_type=\"image-box.default\">\n\t\t\t\t<div class=\"elementor-widget-container\">\n\t\t\t\t\t<div class=\"elementor-image-box-wrapper\"><figure class=\"elementor-image-box-img\"><img loading=\"lazy\" decoding=\"async\" width=\"450\" height=\"300\" src=\"https:\/\/i0.wp.com\/www.sonmezrealestate.com\/wp-content\/uploads\/2026\/01\/alanya-real-estate-maxima-residence.jpg?fit=450%2C300&amp;ssl=1\" class=\"attachment-full size-full wp-image-23422\" alt=\"\" \/><\/figure><div class=\"elementor-image-box-content\"><h3 class=\"elementor-image-box-title\">Maxima Residence<\/h3><\/div><\/div>\t\t\t\t<\/div>\n\t\t\t\t<\/div>\n\t\t\t\t<div class=\"elementor-element elementor-element-8a5a51e elementor-position-top elementor-widget elementor-widget-image-box\" data-id=\"8a5a51e\" data-element_type=\"widget\" data-e-type=\"widget\" data-widget_type=\"image-box.default\">\n\t\t\t\t<div class=\"elementor-widget-container\">\n\t\t\t\t\t<div class=\"elementor-image-box-wrapper\"><figure class=\"elementor-image-box-img\"><img loading=\"lazy\" decoding=\"async\" width=\"450\" height=\"300\" src=\"https:\/\/i0.wp.com\/www.sonmezrealestate.com\/wp-content\/uploads\/2026\/01\/alanya-real-estate-loman-city.jpg?fit=450%2C300&amp;ssl=1\" class=\"attachment-full size-full wp-image-23421\" alt=\"\" \/><\/figure><div class=\"elementor-image-box-content\"><h3 class=\"elementor-image-box-title\">Lemon City Aprt.<\/h3><\/div><\/div>\t\t\t\t<\/div>\n\t\t\t\t<\/div>\n\t\t\t\t<div class=\"elementor-element elementor-element-1bbc8e3 elementor-position-top elementor-widget elementor-widget-image-box\" data-id=\"1bbc8e3\" data-element_type=\"widget\" data-e-type=\"widget\" data-widget_type=\"image-box.default\">\n\t\t\t\t<div class=\"elementor-widget-container\">\n\t\t\t\t\t<div class=\"elementor-image-box-wrapper\"><figure class=\"elementor-image-box-img\"><img loading=\"lazy\" decoding=\"async\" width=\"450\" height=\"300\" src=\"https:\/\/i0.wp.com\/www.sonmezrealestate.com\/wp-content\/uploads\/2026\/01\/alanya-real-estate-kestel-deniz-aprt.jpg?fit=450%2C300&amp;ssl=1\" class=\"attachment-full size-full wp-image-23420\" alt=\"\" \/><\/figure><div class=\"elementor-image-box-content\"><h3 class=\"elementor-image-box-title\">Alanya Kestel Deniz Aprt.<\/h3><\/div><\/div>\t\t\t\t<\/div>\n\t\t\t\t<\/div>\n\t\t\t\t<div class=\"elementor-element elementor-element-3eb4e31 elementor-position-top elementor-widget elementor-widget-image-box\" data-id=\"3eb4e31\" data-element_type=\"widget\" data-e-type=\"widget\" data-widget_type=\"image-box.default\">\n\t\t\t\t<div class=\"elementor-widget-container\">\n\t\t\t\t\t<div class=\"elementor-image-box-wrapper\"><figure class=\"elementor-image-box-img\"><img loading=\"lazy\" decoding=\"async\" width=\"450\" height=\"300\" src=\"https:\/\/i0.wp.com\/www.sonmezrealestate.com\/wp-content\/uploads\/2026\/01\/alanya-real-estate-villa-lorraine.jpg?fit=450%2C300&amp;ssl=1\" class=\"attachment-full size-full wp-image-23419\" alt=\"\" \/><\/figure><div class=\"elementor-image-box-content\"><h3 class=\"elementor-image-box-title\">Villa Lorraine<\/h3><\/div><\/div>\t\t\t\t<\/div>\n\t\t\t\t<\/div>\n\t\t\t\t<div class=\"elementor-element elementor-element-86f3c16 elementor-position-top elementor-widget elementor-widget-image-box\" data-id=\"86f3c16\" data-element_type=\"widget\" data-e-type=\"widget\" data-widget_type=\"image-box.default\">\n\t\t\t\t<div class=\"elementor-widget-container\">\n\t\t\t\t\t<div class=\"elementor-image-box-wrapper\"><figure class=\"elementor-image-box-img\"><img loading=\"lazy\" decoding=\"async\" width=\"450\" height=\"300\" src=\"https:\/\/i0.wp.com\/www.sonmezrealestate.com\/wp-content\/uploads\/2026\/01\/alanya-real-estate-summer-villa.jpg?fit=450%2C300&amp;ssl=1\" class=\"attachment-full size-full wp-image-23418\" alt=\"\" \/><\/figure><div class=\"elementor-image-box-content\"><h3 class=\"elementor-image-box-title\">Summer Villa<\/h3><\/div><\/div>\t\t\t\t<\/div>\n\t\t\t\t<\/div>\n\t\t\t\t<\/div>\n\t\t\t\t\t<\/div>\n\t\t\t\t<\/div>\n\t\t\t\t<\/div>\n\t\t","protected":false},"excerpt":{"rendered":"<p>Richmond Residence NOVITA 12 Residence NOVITA 11 Residence NOVITA Deluxe Residence NOVITA 10 Residence NOVITA 7 Residence NOVITA 6 Residence NOVITA Konaklar\u0131 NOVITA City Residence NOVITA 3 Residence NOVITA 2 Residence NOVITA 1 Residence \u015eahin &#8211; 2 Aprt. \u015eahin &#8211; 1 Aprt. Mustafa \u015eahin Aprt. Maxima Residence Lemon City Aprt. Alanya Kestel Deniz Aprt. Villa [&hellip;]<\/p>\n","protected":false},"author":2,"featured_media":0,"parent":0,"menu_order":0,"comment_status":"closed","ping_status":"closed","template":"template\/template-homepage.php","meta":{"footnotes":""},"class_list":["post-23417","page","type-page","status-publish","hentry"],"jetpack_sharing_enabled":true,"_links":{"self":[{"href":"https:\/\/www.sonmezrealestate.com\/tr\/wp-json\/wp\/v2\/pages\/23417","targetHints":{"allow":["GET"]}}],"collection":[{"href":"https:\/\/www.sonmezrealestate.com\/tr\/wp-json\/wp\/v2\/pages"}],"about":[{"href":"https:\/\/www.sonmezrealestate.com\/tr\/wp-json\/wp\/v2\/types\/page"}],"author":[{"embeddable":true,"href":"https:\/\/www.sonmezrealestate.com\/tr\/wp-json\/wp\/v2\/users\/2"}],"replies":[{"embeddable":true,"href":"https:\/\/www.sonmezrealestate.com\/tr\/wp-json\/wp\/v2\/comments?post=23417"}],"version-history":[{"count":1,"href":"https:\/\/www.sonmezrealestate.com\/tr\/wp-json\/wp\/v2\/pages\/23417\/revisions"}],"predecessor-version":[{"id":23438,"href":"https:\/\/www.sonmezrealestate.com\/tr\/wp-json\/wp\/v2\/pages\/23417\/revisions\/23438"}],"wp:attachment":[{"href":"https:\/\/www.sonmezrealestate.com\/tr\/wp-json\/wp\/v2\/media?parent=23417"}],"curies":[{"name":"wp","href":"https:\/\/api.w.org\/{rel}","templated":true}]}}