{"id":23216,"date":"2025-09-12T14:24:54","date_gmt":"2025-09-12T14:24:54","guid":{"rendered":"https:\/\/www.sonmezrealestate.com\/mulk-yenileme-hizmetleri\/"},"modified":"2026-03-25T22:51:17","modified_gmt":"2026-03-25T22:51:17","slug":"mulk-yenileme-hizmetleri","status":"publish","type":"page","link":"https:\/\/www.sonmezrealestate.com\/tr\/mulk-yenileme-hizmetleri\/","title":{"rendered":"M\u00fclk Yenileme Hizmetleri"},"content":{"rendered":"\t\t<div data-elementor-type=\"wp-page\" data-elementor-id=\"23216\" class=\"elementor elementor-23216 elementor-20507\">\n\t\t\t\t<div class=\"elementor-element elementor-element-914edfd e-flex e-con-boxed e-con e-parent\" data-id=\"914edfd\" data-element_type=\"container\" data-e-type=\"container\" data-settings=\"{&quot;background_background&quot;:&quot;classic&quot;}\">\n\t\t\t\t\t<div class=\"e-con-inner\">\n\t\t<div class=\"elementor-element elementor-element-f019d51 e-con-full e-flex e-con e-child\" data-id=\"f019d51\" data-element_type=\"container\" data-e-type=\"container\">\n\t\t<div class=\"elementor-element elementor-element-e58f41f e-con-full e-flex e-con e-child\" data-id=\"e58f41f\" data-element_type=\"container\" data-e-type=\"container\">\n\t\t<div class=\"elementor-element elementor-element-c763af3 e-con-full e-flex e-con e-child\" data-id=\"c763af3\" data-element_type=\"container\" data-e-type=\"container\">\n\t\t\t\t<div class=\"elementor-element elementor-element-e1ec829 animated-fast elementor-invisible elementor-widget elementor-widget-heading\" data-id=\"e1ec829\" data-element_type=\"widget\" data-e-type=\"widget\" data-settings=\"{&quot;_animation&quot;:&quot;fadeInUp&quot;}\" data-widget_type=\"heading.default\">\n\t\t\t\t<div class=\"elementor-widget-container\">\n\t\t\t\t\t<h2 class=\"elementor-heading-title elementor-size-default\">Hizmetler<\/h2>\t\t\t\t<\/div>\n\t\t\t\t<\/div>\n\t\t\t\t<div class=\"elementor-element elementor-element-4719bec animated-fast elementor-invisible elementor-widget elementor-widget-heading\" data-id=\"4719bec\" data-element_type=\"widget\" data-e-type=\"widget\" data-settings=\"{&quot;_animation&quot;:&quot;fadeInUp&quot;,&quot;_animation_delay&quot;:200}\" data-widget_type=\"heading.default\">\n\t\t\t\t<div class=\"elementor-widget-container\">\n\t\t\t\t\t<h1 class=\"elementor-heading-title elementor-size-default\">Her M\u00fclk \u0130htiyac\u0131na Y\u00f6nelik Uzman Emlak \u00c7\u00f6z\u00fcmleri<\/h1>\t\t\t\t<\/div>\n\t\t\t\t<\/div>\n\t\t\t\t<div class=\"elementor-element elementor-element-f7b55e5 elementor-widget elementor-widget-image\" data-id=\"f7b55e5\" data-element_type=\"widget\" data-e-type=\"widget\" data-widget_type=\"image.default\">\n\t\t\t\t<div class=\"elementor-widget-container\">\n\t\t\t\t\t\t\t\t\t\t\t\t\t\t\t<img decoding=\"async\" src=\"https:\/\/i0.wp.com\/www.sonmezrealestate.com\/wp-content\/uploads\/2025\/08\/real-estate-services.jpg?fit=1400%2C500&#038;ssl=1\" title=\"emlak-hizmetleri\" alt=\"emlak-hizmetleri\" loading=\"lazy\" \/>\t\t\t\t\t\t\t\t\t\t\t\t\t\t\t<\/div>\n\t\t\t\t<\/div>\n\t\t\t\t<\/div>\n\t\t<div class=\"elementor-element elementor-element-32101e4 e-con-full e-flex e-con e-child\" data-id=\"32101e4\" data-element_type=\"container\" data-e-type=\"container\">\n\t\t\t\t<div class=\"elementor-element elementor-element-ed02527 animated-fast elementor-invisible elementor-widget elementor-widget-text-editor\" data-id=\"ed02527\" data-element_type=\"widget\" data-e-type=\"widget\" data-settings=\"{&quot;_animation&quot;:&quot;fadeInUp&quot;,&quot;_animation_delay&quot;:200}\" data-widget_type=\"text-editor.default\">\n\t\t\t\t<div class=\"elementor-widget-container\">\n\t\t\t\t\t\t\t\t\t<p data-start=\"697\" data-end=\"939\">Evinize yeni bir soluk getirmek veya yat\u0131r\u0131m ama\u00e7l\u0131 m\u00fclk\u00fcn\u00fcz\u00fcn de\u011ferini art\u0131rmak m\u0131 istiyorsunuz? Profesyonel <strong data-start=\"737\" data-end=\"769\">m\u00fclk yenileme hizmetleri<\/strong> ideal \u00e7\u00f6z\u00fcm\u00fc sunar. \u0130ster \u00f6l\u00e7eklenebilir bir ev yenilemesi, mutfak tadilat\u0131, banyo y\u00fckseltmeleri veya yap\u0131sal iyile\u015ftirmeler olsun, uzman yenileme m\u00fclk\u00fcn\u00fcz\u00fcn g\u00f6r\u00fcn\u00fcm\u00fcn\u00fc, i\u015flevselli\u011fini ve piyasa \u00e7ekicili\u011fini \u00f6nemli \u00f6l\u00e7\u00fcde art\u0131rabilir.  <\/p>\t\t\t\t\t\t\t\t<\/div>\n\t\t\t\t<\/div>\n\t\t\t\t<\/div>\n\t\t\t\t<\/div>\n\t\t\t\t<\/div>\n\t\t\t\t\t<\/div>\n\t\t\t\t<\/div>\n\t\t<div class=\"elementor-element elementor-element-69b79be e-flex e-con-boxed e-con e-parent\" data-id=\"69b79be\" data-element_type=\"container\" data-e-type=\"container\" data-settings=\"{&quot;background_background&quot;:&quot;classic&quot;}\">\n\t\t\t\t\t<div class=\"e-con-inner\">\n\t\t<div class=\"elementor-element elementor-element-b26c3f5 e-con-full e-flex e-con e-child\" data-id=\"b26c3f5\" data-element_type=\"container\" data-e-type=\"container\">\n\t\t<div class=\"elementor-element elementor-element-3ed1169 e-grid e-con-full e-con e-child\" data-id=\"3ed1169\" data-element_type=\"container\" data-e-type=\"container\">\n\t\t<div class=\"elementor-element elementor-element-6351fa5 e-con-full e-flex e-con e-child\" data-id=\"6351fa5\" data-element_type=\"container\" data-e-type=\"container\">\n\t\t\t\t<div class=\"elementor-element elementor-element-71bdcf7 animated-fast elementor-invisible elementor-widget elementor-widget-heading\" data-id=\"71bdcf7\" data-element_type=\"widget\" data-e-type=\"widget\" data-settings=\"{&quot;_animation&quot;:&quot;fadeInUp&quot;,&quot;_animation_delay&quot;:200}\" data-widget_type=\"heading.default\">\n\t\t\t\t<div class=\"elementor-widget-container\">\n\t\t\t\t\t<h2 class=\"elementor-heading-title elementor-size-default\">\ud83d\udd28 \u0130\u00e7 Mekan Yenileme ve Tadilat\n<\/h2>\t\t\t\t<\/div>\n\t\t\t\t<\/div>\n\t\t\t\t<div class=\"elementor-element elementor-element-e2682a7 animated-fast elementor-invisible elementor-widget elementor-widget-text-editor\" data-id=\"e2682a7\" data-element_type=\"widget\" data-e-type=\"widget\" data-settings=\"{&quot;_animation&quot;:&quot;fadeInUp&quot;,&quot;_animation_delay&quot;:200}\" data-widget_type=\"text-editor.default\">\n\t\t\t\t<div class=\"elementor-widget-container\">\n\t\t\t\t\t\t\t\t\t<p data-start=\"1134\" data-end=\"1265\">Mutfak yenilemelerinden komple i\u00e7 mekan d\u00f6n\u00fc\u015f\u00fcmlerine kadar, eskiyen alanlar\u0131 modern, i\u015flevsel i\u00e7 mekanlara d\u00f6n\u00fc\u015ft\u00fcrme konusunda uzman\u0131z. Sorunsuz ve stressiz bir s\u00fcre\u00e7 sa\u011flamak i\u00e7in en kaliteli malzemeler ve deneyimli ustalarla \u00e7al\u0131\u015f\u0131yoruz. \u0130\u00e7 mekan yenileme hizmetlerimiz, m\u00fclk\u00fcn \u00e7ekicili\u011fini ve konforunu en \u00fcst d\u00fczeye \u00e7\u0131karmak isteyen ev sahipleri, kiraya verenler veya yat\u0131r\u0131mc\u0131lar i\u00e7in idealdir.  <\/p>\t\t\t\t\t\t\t\t<\/div>\n\t\t\t\t<\/div>\n\t\t\t\t<\/div>\n\t\t<div class=\"elementor-element elementor-element-9d8d1d2 e-con-full e-flex e-con e-child\" data-id=\"9d8d1d2\" data-element_type=\"container\" data-e-type=\"container\">\n\t\t\t\t<div class=\"elementor-element elementor-element-5827a0b elementor-widget elementor-widget-image\" data-id=\"5827a0b\" data-element_type=\"widget\" data-e-type=\"widget\" data-widget_type=\"image.default\">\n\t\t\t\t<div class=\"elementor-widget-container\">\n\t\t\t\t\t\t\t\t\t\t\t\t\t\t\t<img decoding=\"async\" src=\"https:\/\/i0.wp.com\/www.sonmezrealestate.com\/wp-content\/uploads\/2025\/08\/Property-Renovation-in-Progress.jpg?fit=1000%2C1000&#038;ssl=1\" title=\"Devam Eden M\u00fclk Yenileme\" alt=\"Devam Eden M\u00fclk Yenileme\" loading=\"lazy\" \/>\t\t\t\t\t\t\t\t\t\t\t\t\t\t\t<\/div>\n\t\t\t\t<\/div>\n\t\t\t\t<\/div>\n\t\t\t\t<\/div>\n\t\t\t\t<\/div>\n\t\t\t\t\t<\/div>\n\t\t\t\t<\/div>\n\t\t<div class=\"elementor-element elementor-element-fc4876e e-flex e-con-boxed e-con e-parent\" data-id=\"fc4876e\" data-element_type=\"container\" data-e-type=\"container\" data-settings=\"{&quot;background_background&quot;:&quot;classic&quot;}\">\n\t\t\t\t\t<div class=\"e-con-inner\">\n\t\t<div class=\"elementor-element elementor-element-e3cb88e e-con-full e-flex e-con e-child\" data-id=\"e3cb88e\" data-element_type=\"container\" data-e-type=\"container\">\n\t\t<div class=\"elementor-element elementor-element-5320dc9 e-grid e-con-full e-con e-child\" data-id=\"5320dc9\" data-element_type=\"container\" data-e-type=\"container\">\n\t\t<div class=\"elementor-element elementor-element-9f65f83 e-con-full e-flex e-con e-child\" data-id=\"9f65f83\" data-element_type=\"container\" data-e-type=\"container\">\n\t\t\t\t<div class=\"elementor-element elementor-element-6d098a9 elementor-widget elementor-widget-image\" data-id=\"6d098a9\" data-element_type=\"widget\" data-e-type=\"widget\" data-widget_type=\"image.default\">\n\t\t\t\t<div class=\"elementor-widget-container\">\n\t\t\t\t\t\t\t\t\t\t\t\t\t\t\t<img decoding=\"async\" src=\"https:\/\/i0.wp.com\/www.sonmezrealestate.com\/wp-content\/uploads\/2025\/08\/Furniture-Selection-for-Your-New-Home.jpg?fit=1000%2C1000&#038;ssl=1\" title=\"Yeni Eviniz \u0130\u00e7in Mobilya Se\u00e7imi\" alt=\"Yeni Eviniz \u0130\u00e7in Mobilya Se\u00e7imi\" loading=\"lazy\" \/>\t\t\t\t\t\t\t\t\t\t\t\t\t\t\t<\/div>\n\t\t\t\t<\/div>\n\t\t\t\t<\/div>\n\t\t<div class=\"elementor-element elementor-element-cdf3c4f e-con-full e-flex e-con e-child\" data-id=\"cdf3c4f\" data-element_type=\"container\" data-e-type=\"container\">\n\t\t\t\t<div class=\"elementor-element elementor-element-3c389c9 animated-fast elementor-invisible elementor-widget elementor-widget-heading\" data-id=\"3c389c9\" data-element_type=\"widget\" data-e-type=\"widget\" data-settings=\"{&quot;_animation&quot;:&quot;fadeInUp&quot;,&quot;_animation_delay&quot;:200}\" data-widget_type=\"heading.default\">\n\t\t\t\t<div class=\"elementor-widget-container\">\n\t\t\t\t\t<h2 class=\"elementor-heading-title elementor-size-default\">\ud83c\udfd7\ufe0f Yap\u0131sal Onar\u0131mlar ve D\u0131\u015f Cephe \u0130yile\u015ftirmeleri<\/h2>\t\t\t\t<\/div>\n\t\t\t\t<\/div>\n\t\t\t\t<div class=\"elementor-element elementor-element-be37527 animated-fast elementor-invisible elementor-widget elementor-widget-text-editor\" data-id=\"be37527\" data-element_type=\"widget\" data-e-type=\"widget\" data-settings=\"{&quot;_animation&quot;:&quot;fadeInUp&quot;,&quot;_animation_delay&quot;:200}\" data-widget_type=\"text-editor.default\">\n\t\t\t\t<div class=\"elementor-widget-container\">\n\t\t\t\t\t\t\t\t\t<p data-start=\"1674\" data-end=\"1996\">\u0130\u00e7 mekan iyile\u015ftirmelerinin \u00f6tesinde, \u00e7at\u0131, cephe restorasyonu, yal\u0131t\u0131m ve su yal\u0131t\u0131m\u0131 gibi b\u00fcy\u00fck yap\u0131sal onar\u0131mlar\u0131 ve d\u0131\u015f cephe iyile\u015ftirmelerini de \u00fcstleniyoruz. Bu iyile\u015ftirmeler sadece yat\u0131r\u0131m\u0131n\u0131z\u0131 korumakla kalmaz, ayn\u0131 zamanda m\u00fclk\u00fcn piyasa de\u011ferini ve d\u0131\u015f \u00e7ekicili\u011fini de art\u0131r\u0131r \u2014 \u00f6zellikle yeniden sat\u0131\u015f veya kiralama ama\u00e7lar\u0131 i\u00e7in \u00e7ok \u00f6nemlidir. <\/p>\t\t\t\t\t\t\t\t<\/div>\n\t\t\t\t<\/div>\n\t\t\t\t<\/div>\n\t\t\t\t<\/div>\n\t\t\t\t<\/div>\n\t\t\t\t\t<\/div>\n\t\t\t\t<\/div>\n\t\t<div class=\"elementor-element elementor-element-f403004 e-flex e-con-boxed e-con e-parent\" data-id=\"f403004\" data-element_type=\"container\" data-e-type=\"container\" data-settings=\"{&quot;background_background&quot;:&quot;classic&quot;}\">\n\t\t\t\t\t<div class=\"e-con-inner\">\n\t\t<div class=\"elementor-element elementor-element-be429e5 e-con-full e-flex e-con e-child\" data-id=\"be429e5\" data-element_type=\"container\" data-e-type=\"container\">\n\t\t\t\t<div class=\"elementor-element elementor-element-3bb5be3 animated-fast elementor-invisible elementor-widget elementor-widget-heading\" data-id=\"3bb5be3\" data-element_type=\"widget\" data-e-type=\"widget\" data-settings=\"{&quot;_animation&quot;:&quot;fadeInUp&quot;,&quot;_animation_delay&quot;:200}\" data-widget_type=\"heading.default\">\n\t\t\t\t<div class=\"elementor-widget-container\">\n\t\t\t\t\t<h2 class=\"elementor-heading-title elementor-size-default\">\ud83c\udfe1 M\u00fclk Yenileme Hizmetleri\n<\/h2>\t\t\t\t<\/div>\n\t\t\t\t<\/div>\n\t\t\t\t<div class=\"elementor-element elementor-element-ef7f133 animated-fast elementor-invisible elementor-widget elementor-widget-text-editor\" data-id=\"ef7f133\" data-element_type=\"widget\" data-e-type=\"widget\" data-settings=\"{&quot;_animation&quot;:&quot;fadeInUp&quot;,&quot;_animation_delay&quot;:200}\" data-widget_type=\"text-editor.default\">\n\t\t\t\t<div class=\"elementor-widget-container\">\n\t\t\t\t\t\t\t\t\t<p data-start=\"125\" data-end=\"295\">S\u00f6nmez Emlak olarak, konut veya ticari m\u00fclk\u00fcn\u00fcz\u00fcn de\u011ferini, g\u00f6r\u00fcn\u00fcm\u00fcn\u00fc ve i\u015flevselli\u011fini art\u0131rmak i\u00e7in tasarlanm\u0131\u015f profesyonel m\u00fclk yenileme hizmetleri sunuyoruz.<\/p><p data-start=\"125\" data-end=\"295\">\u0130ster yak\u0131n zamanda eski bir daire sat\u0131n alm\u0131\u015f olun, ister mevcut alan\u0131n\u0131z\u0131 y\u00fckseltmek isteyin, yetenekli m\u00fcteahhitler, tasar\u0131mc\u0131lar ve proje y\u00f6neticilerinden olu\u015fan ekibimiz vizyonunuzu hayata ge\u00e7irmek i\u00e7in burada. Yenileme s\u00fcrecinin ilk planlama ve tasar\u0131mdan in\u015faat, bitirme ve son denetime kadar her y\u00f6n\u00fcn\u00fc y\u00f6netiyoruz. Hizmetlerimiz, yeniden sat\u0131\u015f de\u011ferini art\u0131rmak, bir m\u00fclk\u00fc kiralamaya haz\u0131rlamak veya sadece daha modern ve ya\u015fanabilir bir alan yaratmak gibi \u00f6zel hedeflerinize ula\u015fmak i\u00e7in tasarlanm\u0131\u015ft\u0131r. T\u00fcrk emlak ve in\u015faat pazar\u0131ndaki y\u0131llar\u0131n deneyimiyle, yerel d\u00fczenlemeleri, malzeme standartlar\u0131n\u0131 ve m\u00fc\u015fteri beklentilerini anl\u0131yoruz.   <\/p><p data-start=\"125\" data-end=\"295\">Y\u00fcksek kaliteli i\u015f\u00e7ili\u011fi zaman\u0131nda ve b\u00fct\u00e7e dahilinde sunmaktan gurur duyuyoruz. M\u00fclk\u00fcn\u00fcz\u00fc sadece g\u00fczel de\u011fil, ayn\u0131 zamanda kal\u0131c\u0131 olacak \u015fekilde d\u00f6n\u00fc\u015ft\u00fcrmek i\u00e7in S\u00f6nmez Emlak&#8217;a g\u00fcvenin. <\/p>\t\t\t\t\t\t\t\t<\/div>\n\t\t\t\t<\/div>\n\t\t\t\t<\/div>\n\t\t\t\t\t<\/div>\n\t\t\t\t<\/div>\n\t\t<div class=\"elementor-element elementor-element-bdbc48c e-flex e-con-boxed e-con e-parent\" data-id=\"bdbc48c\" data-element_type=\"container\" data-e-type=\"container\" data-settings=\"{&quot;background_background&quot;:&quot;classic&quot;}\">\n\t\t\t\t\t<div class=\"e-con-inner\">\n\t\t<div class=\"elementor-element elementor-element-9f0221c e-con-full e-flex e-con e-child\" data-id=\"9f0221c\" data-element_type=\"container\" data-e-type=\"container\">\n\t\t<div class=\"elementor-element elementor-element-6256c28 e-con-full e-flex e-con e-child\" data-id=\"6256c28\" data-element_type=\"container\" data-e-type=\"container\">\n\t\t<div class=\"elementor-element elementor-element-9b8294c e-con-full e-flex e-con e-child\" data-id=\"9b8294c\" data-element_type=\"container\" data-e-type=\"container\">\n\t\t\t\t<div class=\"elementor-element elementor-element-04d3abf animated-fast elementor-invisible elementor-widget elementor-widget-heading\" data-id=\"04d3abf\" data-element_type=\"widget\" data-e-type=\"widget\" data-settings=\"{&quot;_animation&quot;:&quot;fadeInUp&quot;}\" data-widget_type=\"heading.default\">\n\t\t\t\t<div class=\"elementor-widget-container\">\n\t\t\t\t\t<h2 class=\"elementor-heading-title elementor-size-default\">SSS<\/h2>\t\t\t\t<\/div>\n\t\t\t\t<\/div>\n\t\t\t\t<div class=\"elementor-element elementor-element-8943ea2 animated-fast elementor-invisible elementor-widget elementor-widget-heading\" data-id=\"8943ea2\" data-element_type=\"widget\" data-e-type=\"widget\" data-settings=\"{&quot;_animation&quot;:&quot;fadeInUp&quot;,&quot;_animation_delay&quot;:200}\" data-widget_type=\"heading.default\">\n\t\t\t\t<div class=\"elementor-widget-container\">\n\t\t\t\t\t<h2 class=\"elementor-heading-title elementor-size-default\">S\u0131k\u00e7a Sorulan Sorular<\/h2>\t\t\t\t<\/div>\n\t\t\t\t<\/div>\n\t\t\t\t<div class=\"elementor-element elementor-element-da022ea elementor-widget elementor-widget-accordion\" data-id=\"da022ea\" data-element_type=\"widget\" data-e-type=\"widget\" data-widget_type=\"accordion.default\">\n\t\t\t\t<div class=\"elementor-widget-container\">\n\t\t\t\t\t\t\t<div class=\"elementor-accordion\">\n\t\t\t\t\t\t\t<div class=\"elementor-accordion-item\">\n\t\t\t\t\t<div id=\"elementor-tab-title-2281\" class=\"elementor-tab-title\" data-tab=\"1\" role=\"button\" aria-controls=\"elementor-tab-content-2281\" aria-expanded=\"false\">\n\t\t\t\t\t\t\t\t\t\t\t\t\t<span class=\"elementor-accordion-icon elementor-accordion-icon-right\" aria-hidden=\"true\">\n\t\t\t\t\t\t\t\t\t\t\t\t\t\t\t<span class=\"elementor-accordion-icon-closed\"><svg class=\"e-font-icon-svg e-fas-plus\" viewBox=\"0 0 448 512\" xmlns=\"http:\/\/www.w3.org\/2000\/svg\"><path d=\"M416 208H272V64c0-17.67-14.33-32-32-32h-32c-17.67 0-32 14.33-32 32v144H32c-17.67 0-32 14.33-32 32v32c0 17.67 14.33 32 32 32h144v144c0 17.67 14.33 32 32 32h32c17.67 0 32-14.33 32-32V304h144c17.67 0 32-14.33 32-32v-32c0-17.67-14.33-32-32-32z\"><\/path><\/svg><\/span>\n\t\t\t\t\t\t\t\t<span class=\"elementor-accordion-icon-opened\"><svg class=\"e-font-icon-svg e-fas-minus\" viewBox=\"0 0 448 512\" xmlns=\"http:\/\/www.w3.org\/2000\/svg\"><path d=\"M416 208H32c-17.67 0-32 14.33-32 32v32c0 17.67 14.33 32 32 32h384c17.67 0 32-14.33 32-32v-32c0-17.67-14.33-32-32-32z\"><\/path><\/svg><\/span>\n\t\t\t\t\t\t\t\t\t\t\t\t\t\t<\/span>\n\t\t\t\t\t\t\t\t\t\t\t\t<a class=\"elementor-accordion-title\" tabindex=\"0\">\u2705 Ne t\u00fcr m\u00fclkleri yeniliyorsunuz?<\/a>\n\t\t\t\t\t<\/div>\n\t\t\t\t\t<div id=\"elementor-tab-content-2281\" class=\"elementor-tab-content elementor-clearfix\" data-tab=\"1\" role=\"region\" aria-labelledby=\"elementor-tab-title-2281\"><p>Daireler, villalar, ticari alanlar ve yat\u0131r\u0131m birimleri dahil olmak \u00fczere her t\u00fcrl\u00fc m\u00fclk i\u00e7in yenileme hizmetleri sunuyoruz. \u0130ster k\u00fc\u00e7\u00fck bir g\u00fcncelleme ister tam \u00f6l\u00e7ekli bir restorasyon olsun, ekibimiz bununla ba\u015fa \u00e7\u0131kabilir. <\/p>\n<\/div>\n\t\t\t\t<\/div>\n\t\t\t\t\t\t\t<div class=\"elementor-accordion-item\">\n\t\t\t\t\t<div id=\"elementor-tab-title-2282\" class=\"elementor-tab-title\" data-tab=\"2\" role=\"button\" aria-controls=\"elementor-tab-content-2282\" aria-expanded=\"false\">\n\t\t\t\t\t\t\t\t\t\t\t\t\t<span class=\"elementor-accordion-icon elementor-accordion-icon-right\" aria-hidden=\"true\">\n\t\t\t\t\t\t\t\t\t\t\t\t\t\t\t<span class=\"elementor-accordion-icon-closed\"><svg class=\"e-font-icon-svg e-fas-plus\" viewBox=\"0 0 448 512\" xmlns=\"http:\/\/www.w3.org\/2000\/svg\"><path d=\"M416 208H272V64c0-17.67-14.33-32-32-32h-32c-17.67 0-32 14.33-32 32v144H32c-17.67 0-32 14.33-32 32v32c0 17.67 14.33 32 32 32h144v144c0 17.67 14.33 32 32 32h32c17.67 0 32-14.33 32-32V304h144c17.67 0 32-14.33 32-32v-32c0-17.67-14.33-32-32-32z\"><\/path><\/svg><\/span>\n\t\t\t\t\t\t\t\t<span class=\"elementor-accordion-icon-opened\"><svg class=\"e-font-icon-svg e-fas-minus\" viewBox=\"0 0 448 512\" xmlns=\"http:\/\/www.w3.org\/2000\/svg\"><path d=\"M416 208H32c-17.67 0-32 14.33-32 32v32c0 17.67 14.33 32 32 32h384c17.67 0 32-14.33 32-32v-32c0-17.67-14.33-32-32-32z\"><\/path><\/svg><\/span>\n\t\t\t\t\t\t\t\t\t\t\t\t\t\t<\/span>\n\t\t\t\t\t\t\t\t\t\t\t\t<a class=\"elementor-accordion-title\" tabindex=\"0\">\u2705 Hem i\u00e7 hem de d\u0131\u015f mekan yenilemeleriyle ilgileniyor musunuz?<\/a>\n\t\t\t\t\t<\/div>\n\t\t\t\t\t<div id=\"elementor-tab-content-2282\" class=\"elementor-tab-content elementor-clearfix\" data-tab=\"2\" role=\"region\" aria-labelledby=\"elementor-tab-title-2282\"><p>Evet, hem i\u00e7 mekan tadilat\u0131 (mutfak, banyo, zemin vb.) hem de d\u0131\u015f cephe iyile\u015ftirmeleri (\u00e7at\u0131, cephe onar\u0131m\u0131, yal\u0131t\u0131m vb.) dahil olmak \u00fczere kapsaml\u0131 yenileme hizmetleri sunuyoruz.<\/p>\n<\/div>\n\t\t\t\t<\/div>\n\t\t\t\t\t\t\t\t<\/div>\n\t\t\t\t\t\t<\/div>\n\t\t\t\t<\/div>\n\t\t\t\t<div class=\"elementor-element elementor-element-399231c elementor-widget elementor-widget-spacer\" data-id=\"399231c\" data-element_type=\"widget\" data-e-type=\"widget\" data-widget_type=\"spacer.default\">\n\t\t\t\t<div class=\"elementor-widget-container\">\n\t\t\t\t\t\t\t<div class=\"elementor-spacer\">\n\t\t\t<div class=\"elementor-spacer-inner\"><\/div>\n\t\t<\/div>\n\t\t\t\t\t\t<\/div>\n\t\t\t\t<\/div>\n\t\t\t\t<\/div>\n\t\t\t\t<\/div>\n\t\t\t\t<\/div>\n\t\t\t\t\t<\/div>\n\t\t\t\t<\/div>\n\t\t\t\t<\/div>\n\t\t","protected":false},"excerpt":{"rendered":"<p>Hizmetler Her M\u00fclk \u0130htiyac\u0131na Y\u00f6nelik Uzman Emlak \u00c7\u00f6z\u00fcmleri Evinize yeni bir soluk getirmek veya yat\u0131r\u0131m ama\u00e7l\u0131 m\u00fclk\u00fcn\u00fcz\u00fcn de\u011ferini art\u0131rmak m\u0131 istiyorsunuz? Profesyonel m\u00fclk yenileme hizmetleri ideal \u00e7\u00f6z\u00fcm\u00fc sunar. \u0130ster \u00f6l\u00e7eklenebilir bir ev yenilemesi, mutfak tadilat\u0131, banyo y\u00fckseltmeleri veya yap\u0131sal iyile\u015ftirmeler olsun, uzman yenileme m\u00fclk\u00fcn\u00fcz\u00fcn g\u00f6r\u00fcn\u00fcm\u00fcn\u00fc, i\u015flevselli\u011fini ve piyasa \u00e7ekicili\u011fini \u00f6nemli \u00f6l\u00e7\u00fcde art\u0131rabilir. \ud83d\udd28 \u0130\u00e7 Mekan [&hellip;]<\/p>\n","protected":false},"author":2,"featured_media":0,"parent":0,"menu_order":0,"comment_status":"closed","ping_status":"closed","template":"template\/template-homepage.php","meta":{"footnotes":""},"class_list":["post-23216","page","type-page","status-publish","hentry"],"jetpack_sharing_enabled":true,"_links":{"self":[{"href":"https:\/\/www.sonmezrealestate.com\/tr\/wp-json\/wp\/v2\/pages\/23216","targetHints":{"allow":["GET"]}}],"collection":[{"href":"https:\/\/www.sonmezrealestate.com\/tr\/wp-json\/wp\/v2\/pages"}],"about":[{"href":"https:\/\/www.sonmezrealestate.com\/tr\/wp-json\/wp\/v2\/types\/page"}],"author":[{"embeddable":true,"href":"https:\/\/www.sonmezrealestate.com\/tr\/wp-json\/wp\/v2\/users\/2"}],"replies":[{"embeddable":true,"href":"https:\/\/www.sonmezrealestate.com\/tr\/wp-json\/wp\/v2\/comments?post=23216"}],"version-history":[{"count":1,"href":"https:\/\/www.sonmezrealestate.com\/tr\/wp-json\/wp\/v2\/pages\/23216\/revisions"}],"predecessor-version":[{"id":23217,"href":"https:\/\/www.sonmezrealestate.com\/tr\/wp-json\/wp\/v2\/pages\/23216\/revisions\/23217"}],"wp:attachment":[{"href":"https:\/\/www.sonmezrealestate.com\/tr\/wp-json\/wp\/v2\/media?parent=23216"}],"curies":[{"name":"wp","href":"https:\/\/api.w.org\/{rel}","templated":true}]}}