{"id":23238,"date":"2025-09-12T14:24:54","date_gmt":"2025-09-12T14:24:54","guid":{"rendered":"https:\/\/www.sonmezrealestate.com\/services-de-renovation-immobiliere\/"},"modified":"2026-03-25T22:51:54","modified_gmt":"2026-03-25T22:51:54","slug":"services-de-renovation-immobiliere","status":"publish","type":"page","link":"https:\/\/www.sonmezrealestate.com\/fr\/services-de-renovation-immobiliere\/","title":{"rendered":"Services de r\u00e9novation immobili\u00e8re"},"content":{"rendered":"\t\t<div data-elementor-type=\"wp-page\" data-elementor-id=\"23238\" class=\"elementor elementor-23238 elementor-20507\">\n\t\t\t\t<div class=\"elementor-element elementor-element-914edfd e-flex e-con-boxed e-con e-parent\" data-id=\"914edfd\" data-element_type=\"container\" data-e-type=\"container\" data-settings=\"{&quot;background_background&quot;:&quot;classic&quot;}\">\n\t\t\t\t\t<div class=\"e-con-inner\">\n\t\t<div class=\"elementor-element elementor-element-f019d51 e-con-full e-flex e-con e-child\" data-id=\"f019d51\" data-element_type=\"container\" data-e-type=\"container\">\n\t\t<div class=\"elementor-element elementor-element-e58f41f e-con-full e-flex e-con e-child\" data-id=\"e58f41f\" data-element_type=\"container\" data-e-type=\"container\">\n\t\t<div class=\"elementor-element elementor-element-c763af3 e-con-full e-flex e-con e-child\" data-id=\"c763af3\" data-element_type=\"container\" data-e-type=\"container\">\n\t\t\t\t<div class=\"elementor-element elementor-element-e1ec829 animated-fast elementor-invisible elementor-widget elementor-widget-heading\" data-id=\"e1ec829\" data-element_type=\"widget\" data-e-type=\"widget\" data-settings=\"{&quot;_animation&quot;:&quot;fadeInUp&quot;}\" data-widget_type=\"heading.default\">\n\t\t\t\t<div class=\"elementor-widget-container\">\n\t\t\t\t\t<h2 class=\"elementor-heading-title elementor-size-default\">Services<\/h2>\t\t\t\t<\/div>\n\t\t\t\t<\/div>\n\t\t\t\t<div class=\"elementor-element elementor-element-4719bec animated-fast elementor-invisible elementor-widget elementor-widget-heading\" data-id=\"4719bec\" data-element_type=\"widget\" data-e-type=\"widget\" data-settings=\"{&quot;_animation&quot;:&quot;fadeInUp&quot;,&quot;_animation_delay&quot;:200}\" data-widget_type=\"heading.default\">\n\t\t\t\t<div class=\"elementor-widget-container\">\n\t\t\t\t\t<h1 class=\"elementor-heading-title elementor-size-default\">Solutions immobili\u00e8res expertes pour tous vos besoins<\/h1>\t\t\t\t<\/div>\n\t\t\t\t<\/div>\n\t\t\t\t<div class=\"elementor-element elementor-element-f7b55e5 elementor-widget elementor-widget-image\" data-id=\"f7b55e5\" data-element_type=\"widget\" data-e-type=\"widget\" data-widget_type=\"image.default\">\n\t\t\t\t<div class=\"elementor-widget-container\">\n\t\t\t\t\t\t\t\t\t\t\t\t\t\t\t<img decoding=\"async\" src=\"https:\/\/i0.wp.com\/www.sonmezrealestate.com\/wp-content\/uploads\/2025\/08\/real-estate-services.jpg?fit=1400%2C500&#038;ssl=1\" title=\"real-estate-services\" alt=\"real-estate-services\" loading=\"lazy\" \/>\t\t\t\t\t\t\t\t\t\t\t\t\t\t\t<\/div>\n\t\t\t\t<\/div>\n\t\t\t\t<\/div>\n\t\t<div class=\"elementor-element elementor-element-32101e4 e-con-full e-flex e-con e-child\" data-id=\"32101e4\" data-element_type=\"container\" data-e-type=\"container\">\n\t\t\t\t<div class=\"elementor-element elementor-element-ed02527 animated-fast elementor-invisible elementor-widget elementor-widget-text-editor\" data-id=\"ed02527\" data-element_type=\"widget\" data-e-type=\"widget\" data-settings=\"{&quot;_animation&quot;:&quot;fadeInUp&quot;,&quot;_animation_delay&quot;:200}\" data-widget_type=\"text-editor.default\">\n\t\t\t\t<div class=\"elementor-widget-container\">\n\t\t\t\t\t\t\t\t\t<p data-start=\"697\" data-end=\"939\">Vous souhaitez donner un nouveau souffle \u00e0 votre logement ou augmenter la valeur de votre bien d&#8217;investissement ? Les <strong data-start=\"737\" data-end=\"769\">services de r\u00e9novation immobili\u00e8re<\/strong> professionnels offrent la solution id\u00e9ale. Qu&#8217;il s&#8217;agisse d&#8217;une r\u00e9novation compl\u00e8te, d&#8217;un r\u00e9am\u00e9nagement de cuisine, d&#8217;une modernisation de salle de bain ou d&#8217;am\u00e9liorations structurelles, une r\u00e9novation experte peut consid\u00e9rablement am\u00e9liorer l&#8217;apparence, la fonctionnalit\u00e9 et l&#8217;attrait commercial de votre bien.  <\/p>\t\t\t\t\t\t\t\t<\/div>\n\t\t\t\t<\/div>\n\t\t\t\t<\/div>\n\t\t\t\t<\/div>\n\t\t\t\t<\/div>\n\t\t\t\t\t<\/div>\n\t\t\t\t<\/div>\n\t\t<div class=\"elementor-element elementor-element-69b79be e-flex e-con-boxed e-con e-parent\" data-id=\"69b79be\" data-element_type=\"container\" data-e-type=\"container\" data-settings=\"{&quot;background_background&quot;:&quot;classic&quot;}\">\n\t\t\t\t\t<div class=\"e-con-inner\">\n\t\t<div class=\"elementor-element elementor-element-b26c3f5 e-con-full e-flex e-con e-child\" data-id=\"b26c3f5\" data-element_type=\"container\" data-e-type=\"container\">\n\t\t<div class=\"elementor-element elementor-element-3ed1169 e-grid e-con-full e-con e-child\" data-id=\"3ed1169\" data-element_type=\"container\" data-e-type=\"container\">\n\t\t<div class=\"elementor-element elementor-element-6351fa5 e-con-full e-flex e-con e-child\" data-id=\"6351fa5\" data-element_type=\"container\" data-e-type=\"container\">\n\t\t\t\t<div class=\"elementor-element elementor-element-71bdcf7 animated-fast elementor-invisible elementor-widget elementor-widget-heading\" data-id=\"71bdcf7\" data-element_type=\"widget\" data-e-type=\"widget\" data-settings=\"{&quot;_animation&quot;:&quot;fadeInUp&quot;,&quot;_animation_delay&quot;:200}\" data-widget_type=\"heading.default\">\n\t\t\t\t<div class=\"elementor-widget-container\">\n\t\t\t\t\t<h2 class=\"elementor-heading-title elementor-size-default\">\ud83d\udd28 R\u00e9novation et r\u00e9am\u00e9nagement int\u00e9rieur\n<\/h2>\t\t\t\t<\/div>\n\t\t\t\t<\/div>\n\t\t\t\t<div class=\"elementor-element elementor-element-e2682a7 animated-fast elementor-invisible elementor-widget elementor-widget-text-editor\" data-id=\"e2682a7\" data-element_type=\"widget\" data-e-type=\"widget\" data-settings=\"{&quot;_animation&quot;:&quot;fadeInUp&quot;,&quot;_animation_delay&quot;:200}\" data-widget_type=\"text-editor.default\">\n\t\t\t\t<div class=\"elementor-widget-container\">\n\t\t\t\t\t\t\t\t\t<p data-start=\"1134\" data-end=\"1265\">De la modernisation de cuisine \u00e0 la r\u00e9novation int\u00e9rieure compl\u00e8te, nous sommes sp\u00e9cialis\u00e9s dans la transformation d&#8217;espaces d\u00e9suets en int\u00e9rieurs modernes et fonctionnels. Nous travaillons avec des mat\u00e9riaux de premi\u00e8re qualit\u00e9 et des artisans exp\u00e9riment\u00e9s pour garantir un processus fluide et sans stress. Nos services de r\u00e9novation int\u00e9rieure sont id\u00e9aux pour les propri\u00e9taires, bailleurs ou investisseurs souhaitant maximiser l&#8217;attrait et le confort de leur bien.  <\/p>\t\t\t\t\t\t\t\t<\/div>\n\t\t\t\t<\/div>\n\t\t\t\t<\/div>\n\t\t<div class=\"elementor-element elementor-element-9d8d1d2 e-con-full e-flex e-con e-child\" data-id=\"9d8d1d2\" data-element_type=\"container\" data-e-type=\"container\">\n\t\t\t\t<div class=\"elementor-element elementor-element-5827a0b elementor-widget elementor-widget-image\" data-id=\"5827a0b\" data-element_type=\"widget\" data-e-type=\"widget\" data-widget_type=\"image.default\">\n\t\t\t\t<div class=\"elementor-widget-container\">\n\t\t\t\t\t\t\t\t\t\t\t\t\t\t\t<img decoding=\"async\" src=\"https:\/\/i0.wp.com\/www.sonmezrealestate.com\/wp-content\/uploads\/2025\/08\/Property-Renovation-in-Progress.jpg?fit=1000%2C1000&#038;ssl=1\" title=\"R\u00e9novation immobili\u00e8re en cours\" alt=\"R\u00e9novation immobili\u00e8re en cours\" loading=\"lazy\" \/>\t\t\t\t\t\t\t\t\t\t\t\t\t\t\t<\/div>\n\t\t\t\t<\/div>\n\t\t\t\t<\/div>\n\t\t\t\t<\/div>\n\t\t\t\t<\/div>\n\t\t\t\t\t<\/div>\n\t\t\t\t<\/div>\n\t\t<div class=\"elementor-element elementor-element-fc4876e e-flex e-con-boxed e-con e-parent\" data-id=\"fc4876e\" data-element_type=\"container\" data-e-type=\"container\" data-settings=\"{&quot;background_background&quot;:&quot;classic&quot;}\">\n\t\t\t\t\t<div class=\"e-con-inner\">\n\t\t<div class=\"elementor-element elementor-element-e3cb88e e-con-full e-flex e-con e-child\" data-id=\"e3cb88e\" data-element_type=\"container\" data-e-type=\"container\">\n\t\t<div class=\"elementor-element elementor-element-5320dc9 e-grid e-con-full e-con e-child\" data-id=\"5320dc9\" data-element_type=\"container\" data-e-type=\"container\">\n\t\t<div class=\"elementor-element elementor-element-9f65f83 e-con-full e-flex e-con e-child\" data-id=\"9f65f83\" data-element_type=\"container\" data-e-type=\"container\">\n\t\t\t\t<div class=\"elementor-element elementor-element-6d098a9 elementor-widget elementor-widget-image\" data-id=\"6d098a9\" data-element_type=\"widget\" data-e-type=\"widget\" data-widget_type=\"image.default\">\n\t\t\t\t<div class=\"elementor-widget-container\">\n\t\t\t\t\t\t\t\t\t\t\t\t\t\t\t<img decoding=\"async\" src=\"https:\/\/i0.wp.com\/www.sonmezrealestate.com\/wp-content\/uploads\/2025\/08\/Furniture-Selection-for-Your-New-Home.jpg?fit=1000%2C1000&#038;ssl=1\" title=\"S\u00e9lection de meubles pour votre nouvelle maison\" alt=\"S\u00e9lection de meubles pour votre nouvelle maison\" loading=\"lazy\" \/>\t\t\t\t\t\t\t\t\t\t\t\t\t\t\t<\/div>\n\t\t\t\t<\/div>\n\t\t\t\t<\/div>\n\t\t<div class=\"elementor-element elementor-element-cdf3c4f e-con-full e-flex e-con e-child\" data-id=\"cdf3c4f\" data-element_type=\"container\" data-e-type=\"container\">\n\t\t\t\t<div class=\"elementor-element elementor-element-3c389c9 animated-fast elementor-invisible elementor-widget elementor-widget-heading\" data-id=\"3c389c9\" data-element_type=\"widget\" data-e-type=\"widget\" data-settings=\"{&quot;_animation&quot;:&quot;fadeInUp&quot;,&quot;_animation_delay&quot;:200}\" data-widget_type=\"heading.default\">\n\t\t\t\t<div class=\"elementor-widget-container\">\n\t\t\t\t\t<h2 class=\"elementor-heading-title elementor-size-default\">\ud83c\udfd7\ufe0f R\u00e9parations structurelles et am\u00e9liorations ext\u00e9rieures<\/h2>\t\t\t\t<\/div>\n\t\t\t\t<\/div>\n\t\t\t\t<div class=\"elementor-element elementor-element-be37527 animated-fast elementor-invisible elementor-widget elementor-widget-text-editor\" data-id=\"be37527\" data-element_type=\"widget\" data-e-type=\"widget\" data-settings=\"{&quot;_animation&quot;:&quot;fadeInUp&quot;,&quot;_animation_delay&quot;:200}\" data-widget_type=\"text-editor.default\">\n\t\t\t\t<div class=\"elementor-widget-container\">\n\t\t\t\t\t\t\t\t\t<p data-start=\"1674\" data-end=\"1996\">Au-del\u00e0 des am\u00e9liorations int\u00e9rieures, nous prenons \u00e9galement en charge les r\u00e9parations structurelles majeures et les am\u00e9liorations ext\u00e9rieures telles que la toiture, la restauration de fa\u00e7ade, l&#8217;isolation et l&#8217;\u00e9tanch\u00e9it\u00e9. Ces am\u00e9liorations prot\u00e8gent non seulement votre investissement, mais augmentent \u00e9galement la valeur marchande et l&#8217;attrait visuel du bien \u2014 particuli\u00e8rement crucial pour la revente ou la location. <\/p>\t\t\t\t\t\t\t\t<\/div>\n\t\t\t\t<\/div>\n\t\t\t\t<\/div>\n\t\t\t\t<\/div>\n\t\t\t\t<\/div>\n\t\t\t\t\t<\/div>\n\t\t\t\t<\/div>\n\t\t<div class=\"elementor-element elementor-element-f403004 e-flex e-con-boxed e-con e-parent\" data-id=\"f403004\" data-element_type=\"container\" data-e-type=\"container\" data-settings=\"{&quot;background_background&quot;:&quot;classic&quot;}\">\n\t\t\t\t\t<div class=\"e-con-inner\">\n\t\t<div class=\"elementor-element elementor-element-be429e5 e-con-full e-flex e-con e-child\" data-id=\"be429e5\" data-element_type=\"container\" data-e-type=\"container\">\n\t\t\t\t<div class=\"elementor-element elementor-element-3bb5be3 animated-fast elementor-invisible elementor-widget elementor-widget-heading\" data-id=\"3bb5be3\" data-element_type=\"widget\" data-e-type=\"widget\" data-settings=\"{&quot;_animation&quot;:&quot;fadeInUp&quot;,&quot;_animation_delay&quot;:200}\" data-widget_type=\"heading.default\">\n\t\t\t\t<div class=\"elementor-widget-container\">\n\t\t\t\t\t<h2 class=\"elementor-heading-title elementor-size-default\">\ud83c\udfe1 Services de r\u00e9novation immobili\u00e8re\n<\/h2>\t\t\t\t<\/div>\n\t\t\t\t<\/div>\n\t\t\t\t<div class=\"elementor-element elementor-element-ef7f133 animated-fast elementor-invisible elementor-widget elementor-widget-text-editor\" data-id=\"ef7f133\" data-element_type=\"widget\" data-e-type=\"widget\" data-settings=\"{&quot;_animation&quot;:&quot;fadeInUp&quot;,&quot;_animation_delay&quot;:200}\" data-widget_type=\"text-editor.default\">\n\t\t\t\t<div class=\"elementor-widget-container\">\n\t\t\t\t\t\t\t\t\t<p data-start=\"125\" data-end=\"295\">Chez S\u00f6nmez Real Estate, nous proposons des services de r\u00e9novation immobili\u00e8re professionnels con\u00e7us pour am\u00e9liorer la valeur, l&#8217;apparence et la fonctionnalit\u00e9 de votre bien r\u00e9sidentiel ou commercial.<\/p><p data-start=\"125\" data-end=\"295\">Que vous ayez r\u00e9cemment acquis un appartement ancien ou que vous souhaitiez moderniser votre espace actuel, notre \u00e9quipe d&#8217;entrepreneurs qualifi\u00e9s, de designers et de chefs de projet est l\u00e0 pour donner vie \u00e0 votre vision. Nous g\u00e9rons tous les aspects du processus de r\u00e9novation, de la planification initiale et de la conception \u00e0 la construction, aux finitions et \u00e0 l&#8217;inspection finale. Nos services sont adapt\u00e9s \u00e0 vos objectifs sp\u00e9cifiques \u2014 qu&#8217;il s&#8217;agisse d&#8217;augmenter la valeur de revente, de pr\u00e9parer un bien \u00e0 la location ou simplement de cr\u00e9er un espace plus moderne et habitable. Forts de nombreuses ann\u00e9es d&#8217;exp\u00e9rience sur le march\u00e9 immobilier et de la construction en Turquie, nous comprenons les r\u00e9glementations locales, les normes de mat\u00e9riaux et les attentes des clients.   <\/p><p data-start=\"125\" data-end=\"295\">Nous sommes fiers de fournir un travail de haute qualit\u00e9 dans les d\u00e9lais et le budget impartis. Faites confiance \u00e0 S\u00f6nmez Real Estate pour transformer votre bien en un espace non seulement magnifique, mais \u00e9galement con\u00e7u pour durer. <\/p>\t\t\t\t\t\t\t\t<\/div>\n\t\t\t\t<\/div>\n\t\t\t\t<\/div>\n\t\t\t\t\t<\/div>\n\t\t\t\t<\/div>\n\t\t<div class=\"elementor-element elementor-element-bdbc48c e-flex e-con-boxed e-con e-parent\" data-id=\"bdbc48c\" data-element_type=\"container\" data-e-type=\"container\" data-settings=\"{&quot;background_background&quot;:&quot;classic&quot;}\">\n\t\t\t\t\t<div class=\"e-con-inner\">\n\t\t<div class=\"elementor-element elementor-element-9f0221c e-con-full e-flex e-con e-child\" data-id=\"9f0221c\" data-element_type=\"container\" data-e-type=\"container\">\n\t\t<div class=\"elementor-element elementor-element-6256c28 e-con-full e-flex e-con e-child\" data-id=\"6256c28\" data-element_type=\"container\" data-e-type=\"container\">\n\t\t<div class=\"elementor-element elementor-element-9b8294c e-con-full e-flex e-con e-child\" data-id=\"9b8294c\" data-element_type=\"container\" data-e-type=\"container\">\n\t\t\t\t<div class=\"elementor-element elementor-element-04d3abf animated-fast elementor-invisible elementor-widget elementor-widget-heading\" data-id=\"04d3abf\" data-element_type=\"widget\" data-e-type=\"widget\" data-settings=\"{&quot;_animation&quot;:&quot;fadeInUp&quot;}\" data-widget_type=\"heading.default\">\n\t\t\t\t<div class=\"elementor-widget-container\">\n\t\t\t\t\t<h2 class=\"elementor-heading-title elementor-size-default\">faq<\/h2>\t\t\t\t<\/div>\n\t\t\t\t<\/div>\n\t\t\t\t<div class=\"elementor-element elementor-element-8943ea2 animated-fast elementor-invisible elementor-widget elementor-widget-heading\" data-id=\"8943ea2\" data-element_type=\"widget\" data-e-type=\"widget\" data-settings=\"{&quot;_animation&quot;:&quot;fadeInUp&quot;,&quot;_animation_delay&quot;:200}\" data-widget_type=\"heading.default\">\n\t\t\t\t<div class=\"elementor-widget-container\">\n\t\t\t\t\t<h2 class=\"elementor-heading-title elementor-size-default\">Questions fr\u00e9quemment pos\u00e9es<\/h2>\t\t\t\t<\/div>\n\t\t\t\t<\/div>\n\t\t\t\t<div class=\"elementor-element elementor-element-da022ea elementor-widget elementor-widget-accordion\" data-id=\"da022ea\" data-element_type=\"widget\" data-e-type=\"widget\" data-widget_type=\"accordion.default\">\n\t\t\t\t<div class=\"elementor-widget-container\">\n\t\t\t\t\t\t\t<div class=\"elementor-accordion\">\n\t\t\t\t\t\t\t<div class=\"elementor-accordion-item\">\n\t\t\t\t\t<div id=\"elementor-tab-title-2281\" class=\"elementor-tab-title\" data-tab=\"1\" role=\"button\" aria-controls=\"elementor-tab-content-2281\" aria-expanded=\"false\">\n\t\t\t\t\t\t\t\t\t\t\t\t\t<span class=\"elementor-accordion-icon elementor-accordion-icon-right\" aria-hidden=\"true\">\n\t\t\t\t\t\t\t\t\t\t\t\t\t\t\t<span class=\"elementor-accordion-icon-closed\"><svg class=\"e-font-icon-svg e-fas-plus\" viewBox=\"0 0 448 512\" xmlns=\"http:\/\/www.w3.org\/2000\/svg\"><path d=\"M416 208H272V64c0-17.67-14.33-32-32-32h-32c-17.67 0-32 14.33-32 32v144H32c-17.67 0-32 14.33-32 32v32c0 17.67 14.33 32 32 32h144v144c0 17.67 14.33 32 32 32h32c17.67 0 32-14.33 32-32V304h144c17.67 0 32-14.33 32-32v-32c0-17.67-14.33-32-32-32z\"><\/path><\/svg><\/span>\n\t\t\t\t\t\t\t\t<span class=\"elementor-accordion-icon-opened\"><svg class=\"e-font-icon-svg e-fas-minus\" viewBox=\"0 0 448 512\" xmlns=\"http:\/\/www.w3.org\/2000\/svg\"><path d=\"M416 208H32c-17.67 0-32 14.33-32 32v32c0 17.67 14.33 32 32 32h384c17.67 0 32-14.33 32-32v-32c0-17.67-14.33-32-32-32z\"><\/path><\/svg><\/span>\n\t\t\t\t\t\t\t\t\t\t\t\t\t\t<\/span>\n\t\t\t\t\t\t\t\t\t\t\t\t<a class=\"elementor-accordion-title\" tabindex=\"0\">\u2705 Quels types de biens r\u00e9novez-vous ?<\/a>\n\t\t\t\t\t<\/div>\n\t\t\t\t\t<div id=\"elementor-tab-content-2281\" class=\"elementor-tab-content elementor-clearfix\" data-tab=\"1\" role=\"region\" aria-labelledby=\"elementor-tab-title-2281\"><p>Nous proposons des services de r\u00e9novation pour tous types de biens, notamment les appartements, villas, espaces commerciaux et unit\u00e9s d&#8217;investissement. Qu&#8217;il s&#8217;agisse d&#8217;une petite mise \u00e0 jour ou d&#8217;une restauration compl\u00e8te, notre \u00e9quipe peut s&#8217;en charger. <\/p>\n<\/div>\n\t\t\t\t<\/div>\n\t\t\t\t\t\t\t<div class=\"elementor-accordion-item\">\n\t\t\t\t\t<div id=\"elementor-tab-title-2282\" class=\"elementor-tab-title\" data-tab=\"2\" role=\"button\" aria-controls=\"elementor-tab-content-2282\" aria-expanded=\"false\">\n\t\t\t\t\t\t\t\t\t\t\t\t\t<span class=\"elementor-accordion-icon elementor-accordion-icon-right\" aria-hidden=\"true\">\n\t\t\t\t\t\t\t\t\t\t\t\t\t\t\t<span class=\"elementor-accordion-icon-closed\"><svg class=\"e-font-icon-svg e-fas-plus\" viewBox=\"0 0 448 512\" xmlns=\"http:\/\/www.w3.org\/2000\/svg\"><path d=\"M416 208H272V64c0-17.67-14.33-32-32-32h-32c-17.67 0-32 14.33-32 32v144H32c-17.67 0-32 14.33-32 32v32c0 17.67 14.33 32 32 32h144v144c0 17.67 14.33 32 32 32h32c17.67 0 32-14.33 32-32V304h144c17.67 0 32-14.33 32-32v-32c0-17.67-14.33-32-32-32z\"><\/path><\/svg><\/span>\n\t\t\t\t\t\t\t\t<span class=\"elementor-accordion-icon-opened\"><svg class=\"e-font-icon-svg e-fas-minus\" viewBox=\"0 0 448 512\" xmlns=\"http:\/\/www.w3.org\/2000\/svg\"><path d=\"M416 208H32c-17.67 0-32 14.33-32 32v32c0 17.67 14.33 32 32 32h384c17.67 0 32-14.33 32-32v-32c0-17.67-14.33-32-32-32z\"><\/path><\/svg><\/span>\n\t\t\t\t\t\t\t\t\t\t\t\t\t\t<\/span>\n\t\t\t\t\t\t\t\t\t\t\t\t<a class=\"elementor-accordion-title\" tabindex=\"0\">\u2705 G\u00e9rez-vous les r\u00e9novations int\u00e9rieures et ext\u00e9rieures ?<\/a>\n\t\t\t\t\t<\/div>\n\t\t\t\t\t<div id=\"elementor-tab-content-2282\" class=\"elementor-tab-content elementor-clearfix\" data-tab=\"2\" role=\"region\" aria-labelledby=\"elementor-tab-title-2282\"><p>Oui, nous proposons des services de r\u00e9novation complets incluant le r\u00e9am\u00e9nagement int\u00e9rieur (cuisine, salle de bain, rev\u00eatement de sol, etc.) et les am\u00e9liorations ext\u00e9rieures (toiture, r\u00e9paration de fa\u00e7ade, isolation, etc.).<\/p>\n<\/div>\n\t\t\t\t<\/div>\n\t\t\t\t\t\t\t\t<\/div>\n\t\t\t\t\t\t<\/div>\n\t\t\t\t<\/div>\n\t\t\t\t<div class=\"elementor-element elementor-element-399231c elementor-widget elementor-widget-spacer\" data-id=\"399231c\" data-element_type=\"widget\" data-e-type=\"widget\" data-widget_type=\"spacer.default\">\n\t\t\t\t<div class=\"elementor-widget-container\">\n\t\t\t\t\t\t\t<div class=\"elementor-spacer\">\n\t\t\t<div class=\"elementor-spacer-inner\"><\/div>\n\t\t<\/div>\n\t\t\t\t\t\t<\/div>\n\t\t\t\t<\/div>\n\t\t\t\t<\/div>\n\t\t\t\t<\/div>\n\t\t\t\t<\/div>\n\t\t\t\t\t<\/div>\n\t\t\t\t<\/div>\n\t\t\t\t<\/div>\n\t\t","protected":false},"excerpt":{"rendered":"<p>Services Solutions immobili\u00e8res expertes pour tous vos besoins Vous souhaitez donner un nouveau souffle \u00e0 votre logement ou augmenter la valeur de votre bien d&#8217;investissement ? Les services de r\u00e9novation immobili\u00e8re professionnels offrent la solution id\u00e9ale. Qu&#8217;il s&#8217;agisse d&#8217;une r\u00e9novation compl\u00e8te, d&#8217;un r\u00e9am\u00e9nagement de cuisine, d&#8217;une modernisation de salle de bain ou d&#8217;am\u00e9liorations structurelles, une [&hellip;]<\/p>\n","protected":false},"author":2,"featured_media":0,"parent":0,"menu_order":0,"comment_status":"closed","ping_status":"closed","template":"template\/template-homepage.php","meta":{"footnotes":""},"class_list":["post-23238","page","type-page","status-publish","hentry"],"jetpack_sharing_enabled":true,"_links":{"self":[{"href":"https:\/\/www.sonmezrealestate.com\/fr\/wp-json\/wp\/v2\/pages\/23238","targetHints":{"allow":["GET"]}}],"collection":[{"href":"https:\/\/www.sonmezrealestate.com\/fr\/wp-json\/wp\/v2\/pages"}],"about":[{"href":"https:\/\/www.sonmezrealestate.com\/fr\/wp-json\/wp\/v2\/types\/page"}],"author":[{"embeddable":true,"href":"https:\/\/www.sonmezrealestate.com\/fr\/wp-json\/wp\/v2\/users\/2"}],"replies":[{"embeddable":true,"href":"https:\/\/www.sonmezrealestate.com\/fr\/wp-json\/wp\/v2\/comments?post=23238"}],"version-history":[{"count":1,"href":"https:\/\/www.sonmezrealestate.com\/fr\/wp-json\/wp\/v2\/pages\/23238\/revisions"}],"predecessor-version":[{"id":23239,"href":"https:\/\/www.sonmezrealestate.com\/fr\/wp-json\/wp\/v2\/pages\/23238\/revisions\/23239"}],"wp:attachment":[{"href":"https:\/\/www.sonmezrealestate.com\/fr\/wp-json\/wp\/v2\/media?parent=23238"}],"curies":[{"name":"wp","href":"https:\/\/api.w.org\/{rel}","templated":true}]}}